{"id":63,"date":"2025-09-24T14:45:21","date_gmt":"2025-09-24T14:45:21","guid":{"rendered":"http:\/\/africascoop.net\/?page_id=63"},"modified":"2025-09-24T17:27:15","modified_gmt":"2025-09-24T17:27:15","slug":"nous-contacter","status":"publish","type":"page","link":"http:\/\/www.africascoop.net\/index.php\/nous-contacter\/","title":{"rendered":"Nous Contacter"},"content":{"rendered":"\n<p>Pour tous vos besoins en communication, organisation d\u2019\u00e9v\u00e9nements, couverture m\u00e9diatique et publicit\u00e9, <strong>africascoop<\/strong> est \u00e0 votre service. N\u2019h\u00e9sitez pas \u00e0 nous contacter d\u00e8s aujourd\u2019hui<\/p>\n\n\n\n<p><\/p>\n\n\n\n<p><strong>+223  62556791<br>+223  71480451<br>+221 788691547<\/strong><\/p>\n\n\n\n<p><strong><a href=\"mailto:jul@africascoop.net\">jul@africascoop.net<\/a><\/strong><\/p>\n\n\n\n<p><strong><a href=\"mailto:abk@africascoop.net\">abk@africascoop.net<\/a><\/strong><\/p>\n\n\n<form method=\"post\" id=\"cntctfrm_contact_form\" class=\"cntctfrm_contact_form cntctfrm_one_column cntctfrm_ltr cntctfrm_width_default\" action=\"\/index.php\/wp-json\/wp\/v2\/pages\/63#cntctfrm_contact_form\" enctype=\"multipart\/form-data\"><div id=\"cntctfrm_first_column\" class=\"cntctfrm_column\"><div class=\"cntctfrm_field_wrap cntctfrm_field_name_wrap\"namecontact><div class=\"cntctfrm_label cntctfrm_label_name\">\n\t\t\t\t\t\t\t\t\t<label for=\"cntctfrm_contact_name\">Nom: <span class=\"required\">*<\/span><\/label><\/div><div class=\"cntctfrm_input cntctfrm_input_name\">\n\t\t\t\t\t\t\t\t\t<input namecontact class=\"text\" type=\"text\" size=\"40\" pattern=\"^([\\p{L}\\p{M}]{2,}(\\s)*(\\p{L}+\\p{M}*-*){1,})|([\\p{L}\\p{M}]{3,})\" title=\"Veuillez saisir uniquement des lettres d'au moins 3 caract\u00e8res, les mots \u00e9tant s\u00e9par\u00e9s par des espaces\" value=\"\" name=\"cntctfrm_contact_name\" id=\"cntctfrm_contact_name\" \/><\/div><\/div><div class=\"cntctfrm_field_wrap cntctfrm_field_email_wrap\"email><div class=\"cntctfrm_label cntctfrm_label_email\">\n\t\t\t\t\t\t\t\t\t<label for=\"cntctfrm_contact_email\">Adresse e-mail: <span class=\"required\">*<\/span><\/label>\n\t\t\t\t\t\t\t\t<\/div><div class=\"cntctfrm_input cntctfrm_input_email\">\n\t\t\t\t\t\t\t\t\t<input email class=\"text\" type=\"email\" size=\"40\" value=\"\" name=\"cntctfrm_contact_email\" id=\"cntctfrm_contact_email\" \/><\/div><\/div><div class=\"cntctfrm_field_wrap cntctfrm_field_subject_wrap\"subject><div class=\"cntctfrm_label cntctfrm_label_subject\">\n\t\t\t\t\t\t\t\t\t<label for=\"cntctfrm_contact_subject\">Sujet: <span class=\"required\">*<\/span><\/label>\n\t\t\t\t\t\t\t\t<\/div><div class=\"cntctfrm_input cntctfrm_input_subject\">\n\t\t\t\t\t\t\t\t<input subject pattern=\"^([\\p{M}\\p{L}]{1,}(\\s\\p{M}*\\p{L}+-*)*){3,}\" title=\"Veuillez saisir uniquement des lettres d'au moins 3 caract\u00e8res, les mots \u00e9tant s\u00e9par\u00e9s par des espaces\" class=\"text\" type=\"text\" size=\"40\" value=\"\" name=\"cntctfrm_contact_subject\" id=\"cntctfrm_contact_subject\" \/><\/div><\/div><div class=\"cntctfrm_field_wrap cntctfrm_field_message_wrap\"message><div class=\"cntctfrm_label cntctfrm_label_message\">\n\t\t\t\t\t\t\t\t<label for=\"cntctfrm_contact_message\">Message: <span class=\"required\">*<\/span><\/label>\n\t\t\t\t\t\t\t<\/div><div class=\"cntctfrm_input cntctfrm_input_message\">\n\t\t\t\t\t\t\t\t<textarea message rows=\"5\" cols=\"30\"name=\"cntctfrm_contact_message\" id=\"cntctfrm_contact_message\"><\/textarea><\/div><\/div><\/div><div class=\"clear\"><\/div><div class=\"cntctfrm_submit_wrap\"><div id=\"cntctfrm_submit_first_column\" class=\"cntctfrm_column\"><div class=\"cntctfrm_input cntctfrm_input_submit\"><input type=\"hidden\" value=\"send\" name=\"cntctfrm_contact_action\">\n\t\t\t\t\t\t\t<input type=\"hidden\" value=\"default\" name=\"cntctfrm_language\">\n\t\t\t\t\t\t\t<input type=\"hidden\" value=\"1\" name=\"cntctfrm_form_submited\">\n\t\t\t\t\t\t\t<input type=\"hidden\" value=\"cntctfrm_options\" name=\"cntctfrm_options_name\">\n\t\t\t\t\t\t\t<input type=\"submit\" value=\"Envoyer\" class=\"cntctfrm_contact_submit\" \/>\n\t\t\t\t\t\t<\/div><\/div><div id=\"cntctfrm_submit_second_column\" class=\"cntctfrm_column\"><\/div><div class=\"clear\"><\/div>\n\t\t\t<\/div>\n\t\t\t<\/form>\n\n\n\n<p><\/p>\n","protected":false},"excerpt":{"rendered":"<p>Pour tous vos besoins en communication, organisation d\u2019\u00e9v\u00e9nements, couverture m\u00e9diatique et publicit\u00e9, africascoop est \u00e0 votre service. N\u2019h\u00e9sitez<\/p>\n","protected":false},"author":1,"featured_media":0,"parent":0,"menu_order":0,"comment_status":"closed","ping_status":"closed","template":"","meta":{"footnotes":""},"class_list":["post-63","page","type-page","status-publish","hentry"],"yoast_head":"<!-- This site is optimized with the Yoast SEO plugin v26.0 - https:\/\/yoast.com\/wordpress\/plugins\/seo\/ -->\n<title>Nous Contacter - Actualit\u00e9s Africaines<\/title>\n<meta name=\"robots\" content=\"index, follow, max-snippet:-1, max-image-preview:large, max-video-preview:-1\" \/>\n<link rel=\"canonical\" href=\"http:\/\/www.africascoop.net\/index.php\/nous-contacter\/\" \/>\n<meta property=\"og:locale\" content=\"fr_FR\" \/>\n<meta property=\"og:type\" content=\"article\" \/>\n<meta property=\"og:title\" content=\"Nous Contacter - Actualit\u00e9s Africaines\" \/>\n<meta property=\"og:description\" content=\"Pour tous vos besoins en communication, organisation d\u2019\u00e9v\u00e9nements, couverture m\u00e9diatique et publicit\u00e9, africascoop est \u00e0 votre service. N\u2019h\u00e9sitez\" \/>\n<meta property=\"og:url\" content=\"http:\/\/www.africascoop.net\/index.php\/nous-contacter\/\" \/>\n<meta property=\"og:site_name\" content=\"Actualit\u00e9s Africaines\" \/>\n<meta property=\"article:modified_time\" content=\"2025-09-24T17:27:15+00:00\" \/>\n<meta name=\"twitter:card\" content=\"summary_large_image\" \/>\n<meta name=\"twitter:label1\" content=\"Dur\u00e9e de lecture estim\u00e9e\" \/>\n\t<meta name=\"twitter:data1\" content=\"1 minute\" \/>\n<script type=\"application\/ld+json\" class=\"yoast-schema-graph\">{\"@context\":\"https:\/\/schema.org\",\"@graph\":[{\"@type\":\"WebPage\",\"@id\":\"http:\/\/www.africascoop.net\/index.php\/nous-contacter\/\",\"url\":\"http:\/\/www.africascoop.net\/index.php\/nous-contacter\/\",\"name\":\"Nous Contacter - Actualit\u00e9s Africaines\",\"isPartOf\":{\"@id\":\"https:\/\/www.africascoop.net\/#website\"},\"datePublished\":\"2025-09-24T14:45:21+00:00\",\"dateModified\":\"2025-09-24T17:27:15+00:00\",\"breadcrumb\":{\"@id\":\"http:\/\/www.africascoop.net\/index.php\/nous-contacter\/#breadcrumb\"},\"inLanguage\":\"fr-FR\",\"potentialAction\":[{\"@type\":\"ReadAction\",\"target\":[\"http:\/\/www.africascoop.net\/index.php\/nous-contacter\/\"]}]},{\"@type\":\"BreadcrumbList\",\"@id\":\"http:\/\/www.africascoop.net\/index.php\/nous-contacter\/#breadcrumb\",\"itemListElement\":[{\"@type\":\"ListItem\",\"position\":1,\"name\":\"Accueil\",\"item\":\"https:\/\/www.africascoop.net\/\"},{\"@type\":\"ListItem\",\"position\":2,\"name\":\"Nous Contacter\"}]},{\"@type\":\"WebSite\",\"@id\":\"https:\/\/www.africascoop.net\/#website\",\"url\":\"https:\/\/www.africascoop.net\/\",\"name\":\"Actualit\u00e9s Africaines\",\"description\":\"\",\"publisher\":{\"@id\":\"https:\/\/www.africascoop.net\/#organization\"},\"potentialAction\":[{\"@type\":\"SearchAction\",\"target\":{\"@type\":\"EntryPoint\",\"urlTemplate\":\"https:\/\/www.africascoop.net\/?s={search_term_string}\"},\"query-input\":{\"@type\":\"PropertyValueSpecification\",\"valueRequired\":true,\"valueName\":\"search_term_string\"}}],\"inLanguage\":\"fr-FR\"},{\"@type\":\"Organization\",\"@id\":\"https:\/\/www.africascoop.net\/#organization\",\"name\":\"Actualit\u00e9s Africaines\",\"url\":\"https:\/\/www.africascoop.net\/\",\"logo\":{\"@type\":\"ImageObject\",\"inLanguage\":\"fr-FR\",\"@id\":\"https:\/\/www.africascoop.net\/#\/schema\/logo\/image\/\",\"url\":\"http:\/\/www.africascoop.net\/wp-content\/uploads\/2025\/09\/cropped-logo-2.jpg\",\"contentUrl\":\"http:\/\/www.africascoop.net\/wp-content\/uploads\/2025\/09\/cropped-logo-2.jpg\",\"width\":945,\"height\":591,\"caption\":\"Actualit\u00e9s Africaines\"},\"image\":{\"@id\":\"https:\/\/www.africascoop.net\/#\/schema\/logo\/image\/\"}}]}<\/script>\n<!-- \/ Yoast SEO plugin. -->","yoast_head_json":{"title":"Nous Contacter - Actualit\u00e9s Africaines","robots":{"index":"index","follow":"follow","max-snippet":"max-snippet:-1","max-image-preview":"max-image-preview:large","max-video-preview":"max-video-preview:-1"},"canonical":"http:\/\/www.africascoop.net\/index.php\/nous-contacter\/","og_locale":"fr_FR","og_type":"article","og_title":"Nous Contacter - Actualit\u00e9s Africaines","og_description":"Pour tous vos besoins en communication, organisation d\u2019\u00e9v\u00e9nements, couverture m\u00e9diatique et publicit\u00e9, africascoop est \u00e0 votre service. N\u2019h\u00e9sitez","og_url":"http:\/\/www.africascoop.net\/index.php\/nous-contacter\/","og_site_name":"Actualit\u00e9s Africaines","article_modified_time":"2025-09-24T17:27:15+00:00","twitter_card":"summary_large_image","twitter_misc":{"Dur\u00e9e de lecture estim\u00e9e":"1 minute"},"schema":{"@context":"https:\/\/schema.org","@graph":[{"@type":"WebPage","@id":"http:\/\/www.africascoop.net\/index.php\/nous-contacter\/","url":"http:\/\/www.africascoop.net\/index.php\/nous-contacter\/","name":"Nous Contacter - Actualit\u00e9s Africaines","isPartOf":{"@id":"https:\/\/www.africascoop.net\/#website"},"datePublished":"2025-09-24T14:45:21+00:00","dateModified":"2025-09-24T17:27:15+00:00","breadcrumb":{"@id":"http:\/\/www.africascoop.net\/index.php\/nous-contacter\/#breadcrumb"},"inLanguage":"fr-FR","potentialAction":[{"@type":"ReadAction","target":["http:\/\/www.africascoop.net\/index.php\/nous-contacter\/"]}]},{"@type":"BreadcrumbList","@id":"http:\/\/www.africascoop.net\/index.php\/nous-contacter\/#breadcrumb","itemListElement":[{"@type":"ListItem","position":1,"name":"Accueil","item":"https:\/\/www.africascoop.net\/"},{"@type":"ListItem","position":2,"name":"Nous Contacter"}]},{"@type":"WebSite","@id":"https:\/\/www.africascoop.net\/#website","url":"https:\/\/www.africascoop.net\/","name":"Actualit\u00e9s Africaines","description":"","publisher":{"@id":"https:\/\/www.africascoop.net\/#organization"},"potentialAction":[{"@type":"SearchAction","target":{"@type":"EntryPoint","urlTemplate":"https:\/\/www.africascoop.net\/?s={search_term_string}"},"query-input":{"@type":"PropertyValueSpecification","valueRequired":true,"valueName":"search_term_string"}}],"inLanguage":"fr-FR"},{"@type":"Organization","@id":"https:\/\/www.africascoop.net\/#organization","name":"Actualit\u00e9s Africaines","url":"https:\/\/www.africascoop.net\/","logo":{"@type":"ImageObject","inLanguage":"fr-FR","@id":"https:\/\/www.africascoop.net\/#\/schema\/logo\/image\/","url":"http:\/\/www.africascoop.net\/wp-content\/uploads\/2025\/09\/cropped-logo-2.jpg","contentUrl":"http:\/\/www.africascoop.net\/wp-content\/uploads\/2025\/09\/cropped-logo-2.jpg","width":945,"height":591,"caption":"Actualit\u00e9s Africaines"},"image":{"@id":"https:\/\/www.africascoop.net\/#\/schema\/logo\/image\/"}}]}},"_links":{"self":[{"href":"http:\/\/www.africascoop.net\/index.php\/wp-json\/wp\/v2\/pages\/63","targetHints":{"allow":["GET"]}}],"collection":[{"href":"http:\/\/www.africascoop.net\/index.php\/wp-json\/wp\/v2\/pages"}],"about":[{"href":"http:\/\/www.africascoop.net\/index.php\/wp-json\/wp\/v2\/types\/page"}],"author":[{"embeddable":true,"href":"http:\/\/www.africascoop.net\/index.php\/wp-json\/wp\/v2\/users\/1"}],"replies":[{"embeddable":true,"href":"http:\/\/www.africascoop.net\/index.php\/wp-json\/wp\/v2\/comments?post=63"}],"version-history":[{"count":4,"href":"http:\/\/www.africascoop.net\/index.php\/wp-json\/wp\/v2\/pages\/63\/revisions"}],"predecessor-version":[{"id":77,"href":"http:\/\/www.africascoop.net\/index.php\/wp-json\/wp\/v2\/pages\/63\/revisions\/77"}],"wp:attachment":[{"href":"http:\/\/www.africascoop.net\/index.php\/wp-json\/wp\/v2\/media?parent=63"}],"curies":[{"name":"wp","href":"https:\/\/api.w.org\/{rel}","templated":true}]}}